{"id":2066,"date":"2016-10-20T18:02:40","date_gmt":"2016-10-20T16:02:40","guid":{"rendered":"https:\/\/zelinkagmbh.com\/packaging\/tuben"},"modified":"2024-05-22T14:41:56","modified_gmt":"2024-05-22T14:41:56","slug":"tubes","status":"publish","type":"page","link":"https:\/\/zelinkagmbh.com\/en\/packaging\/tubes","title":{"rendered":"Tubes"},"content":{"rendered":"<section class=\"content-section    stretch-row-content pt-40-xs pb-40-xs pt-50-md pb-50-md pt-70-lg pb-70-lg  no-margin\"    >\n\n\t\t\t\t<div class=\"row  \">\n\n\t\t\t\t\t[vc_column]\n\t\t<div  class=\"ls-vc-2column-container-type-modules wpb_content_element \">\n\n\t\t\t<div class=\"columncontainer\">\n\n\t\t\t\t<div class=\"columncontainer__inner columncontainer__inner--order-mobile-modules-type columncontainer__inner--order-tablet-modules-type columncontainer__inner--flex-start\">\n\n\t\t\t\t\t<div class=\"columncontainer__item columncontainer__item-left\">\n\n\t\t\t\t\t\t<div class=\"columncontainer__split columncontainer__split--left\">\n\n\t\t\t\t\t\t\t<div class=\"columncontainer__modules\">\n\n\t\t\t\t\t\t\t\t<p>[vc_column_text css=&#8221;&#8221; vc_rwd=&#8221;&#8221;]<\/p>\n<h3>Tubes<\/h3>\n<p>&nbsp;<\/p>\n<h1>Tube solutions for demanding products<\/h1>\n<p>We supply tubes for cosmetic, medical, veterinary and pharmaceutical products. Precise matching of the tube material (PE, coex, aluminum or laminate) to the filling material ensures lasting stability of the respective ingredients. We offer tubes with screw or hinged caps as well as various types of nozzles and application aids in filling quantities from 1 to 300 ml, e.g.:<\/p>\n<ul>\n<li>Aluminum tubes<\/li>\n<li>Nozzles made of PE<\/li>\n<\/ul>\n<p>Our tubes are adapted to the particularly sensitive contents of cosmetic and medical products. Moreover, they are absolutely hygienic, flawlessly processed and comply with all food regulations.<\/p>\n<p>The product presentation is completed by with a protective <a title=\"Folding boxes\" href=\"https:\/\/zelinkagmbh.com\/en\/packaging\/folding-boxes\" rel=\"\">folding box<\/a>. For more information see also <a title=\"Full-Service\" href=\"https:\/\/zelinkagmbh.com\/en\/full-service\" rel=\"\">Full Service<\/a>.[\/vc_column_text]<\/p>\n\n\t\t\t\t\t\t\t<\/div>\n\n\t\t\t\t\t\t<\/div>\n\n\t\t\t\t\t<\/div>\n\n\t\t\t\t\t<div class=\"columncontainer__item columncontainer__item-right\">\n\n\t\t\t\t\t\t\n\t\t\t\t\t\t<div class=\"columncontainer__split columncontainer__split--right\">\n\n\t\t\t\t\t\t\t<img fetchpriority=\"high\" decoding=\"async\" width=\"1623\" height=\"1000\" src=\"https:\/\/zelinkagmbh.com\/wp-content\/uploads\/2022\/11\/zelinka-tuben-kosmetik-medizin.webp\" class=\"attachment-size-1920x9999 size-size-1920x9999\" alt=\"\" data-object-fit=\"cover\" srcset=\"https:\/\/zelinkagmbh.com\/wp-content\/uploads\/2022\/11\/zelinka-tuben-kosmetik-medizin.webp 1623w, https:\/\/zelinkagmbh.com\/wp-content\/uploads\/2022\/11\/zelinka-tuben-kosmetik-medizin-300x185.webp 300w, https:\/\/zelinkagmbh.com\/wp-content\/uploads\/2022\/11\/zelinka-tuben-kosmetik-medizin-1024x631.webp 1024w, https:\/\/zelinkagmbh.com\/wp-content\/uploads\/2022\/11\/zelinka-tuben-kosmetik-medizin-768x473.webp 768w, https:\/\/zelinkagmbh.com\/wp-content\/uploads\/2022\/11\/zelinka-tuben-kosmetik-medizin-1536x946.webp 1536w, https:\/\/zelinkagmbh.com\/wp-content\/uploads\/2022\/11\/zelinka-tuben-kosmetik-medizin-992x611.webp 992w, https:\/\/zelinkagmbh.com\/wp-content\/uploads\/2022\/11\/zelinka-tuben-kosmetik-medizin-1170x721.webp 1170w, https:\/\/zelinkagmbh.com\/wp-content\/uploads\/2022\/11\/zelinka-tuben-kosmetik-medizin-1600x986.webp 1600w\" sizes=\"(max-width: 1623px) 100vw, 1623px\" loading=\"eager\" \/>\n\t\t\t\t\t\t\t<div class=\"aspect-ratio aspect-ratio--90\"><\/div>\n\n\t\t\t\t\t\t<\/div>\n\n\t\t\t\t\t\t\n\t\t\t\t\t\t\n\t\t\t\t\t\t\n\t\t\t\t\t<\/div>\n\n\t\t\t\t<\/div><!-- end \/.columncontainer__inner -->\n\n\t\t\t<\/div><!-- end \/.columncontainer -->\n\n\t\t<\/div><!-- end \/.ls-vc-2column-container -->\n\n\t\t[\/vc_column]\n\t\t\t\t<\/div>\n\n\t\t\t\t\n\t\t\t\t\n\t\t\t\n\t\t\t\n\t\t\t\n\t\t<\/section>\n\n\t\t\n\t\n\t\t\t\n\t\t\t\n\t\t\t<section  class=\"content-section      mb-20-xs mb-30-sm\"    >\n\n\t\t\t\t<div class=\"row  \">\n\n\t\t\t\t\t[vc_column][ls_vc_spacer vc_height_rwd=&#8221;height&#8211;40&#8243;][\/vc_column]\n\t\t\t\t<\/div>\n\n\t\t\t\t\n\t\t\t\t\n\t\t\t\n\t\t\t\n\t\t\t\n\t\t<\/section>\n","protected":false},"excerpt":{"rendered":"[vc_column] [vc_column_text css=\"\" vc_rwd=\"\"] Tubes &nbsp; Tube solutions for demanding products We supply tubes for cosmetic, medical, veterinary and pharmaceutical products. Precise matching of the tube material (PE, coex, aluminum or laminate) to the filling material ensures lasting stability of the respective ingredients. We offer tubes with screw or hinged <a class=\"moretag\" href=\"https:\/\/zelinkagmbh.com\/en\/packaging\/tubes\">read more...<\/a>","protected":false},"author":3,"featured_media":0,"parent":2054,"menu_order":4,"comment_status":"closed","ping_status":"closed","template":"","meta":{"_acf_changed":false,"footnotes":""},"class_list":["post-2066","page","type-page","status-publish","hentry"],"acf":[],"yoast_head":"<!-- This site is optimized with the Yoast SEO plugin v27.4 - https:\/\/yoast.com\/product\/yoast-seo-wordpress\/ -->\n<title>Tubes - Zelinka Gmbh consumer packaging<\/title>\n<meta name=\"description\" content=\"Tuben f\u00fcr Kosmetik-, Medizin-, Tiermedizin- und Pharma-Produkte mit pr\u00e4ziser Abstimmung Tubenmaterials auf das F\u00fcllgut.\" \/>\n<meta name=\"robots\" content=\"index, follow, max-snippet:-1, max-image-preview:large, max-video-preview:-1\" \/>\n<link rel=\"canonical\" href=\"https:\/\/zelinkagmbh.com\/en\/packaging\/tubes\" \/>\n<meta property=\"og:locale\" content=\"en_US\" \/>\n<meta property=\"og:type\" content=\"article\" \/>\n<meta property=\"og:title\" content=\"Tubes - Zelinka Gmbh consumer packaging\" \/>\n<meta property=\"og:description\" content=\"Tuben f\u00fcr Kosmetik-, Medizin-, Tiermedizin- und Pharma-Produkte mit pr\u00e4ziser Abstimmung Tubenmaterials auf das F\u00fcllgut.\" \/>\n<meta property=\"og:url\" content=\"https:\/\/zelinkagmbh.com\/en\/packaging\/tubes\" \/>\n<meta property=\"og:site_name\" content=\"Zelinka Gmbh consumer packaging\" \/>\n<meta property=\"article:modified_time\" content=\"2024-05-22T14:41:56+00:00\" \/>\n<meta name=\"twitter:card\" content=\"summary_large_image\" \/>\n<meta name=\"twitter:label1\" content=\"Est. reading time\" \/>\n\t<meta name=\"twitter:data1\" content=\"1 minute\" \/>\n<script type=\"application\/ld+json\" class=\"yoast-schema-graph\">{\"@context\":\"https:\\\/\\\/schema.org\",\"@graph\":[{\"@type\":\"WebPage\",\"@id\":\"https:\\\/\\\/zelinkagmbh.com\\\/en\\\/packaging\\\/tubes\",\"url\":\"https:\\\/\\\/zelinkagmbh.com\\\/en\\\/packaging\\\/tubes\",\"name\":\"Tubes - Zelinka Gmbh consumer packaging\",\"isPartOf\":{\"@id\":\"https:\\\/\\\/zelinkagmbh.com\\\/en#website\"},\"datePublished\":\"2016-10-20T16:02:40+00:00\",\"dateModified\":\"2024-05-22T14:41:56+00:00\",\"description\":\"Tuben f\u00fcr Kosmetik-, Medizin-, Tiermedizin- und Pharma-Produkte mit pr\u00e4ziser Abstimmung Tubenmaterials auf das F\u00fcllgut.\",\"breadcrumb\":{\"@id\":\"https:\\\/\\\/zelinkagmbh.com\\\/en\\\/packaging\\\/tubes#breadcrumb\"},\"inLanguage\":\"en-US\",\"potentialAction\":[{\"@type\":\"ReadAction\",\"target\":[\"https:\\\/\\\/zelinkagmbh.com\\\/en\\\/packaging\\\/tubes\"]}]},{\"@type\":\"BreadcrumbList\",\"@id\":\"https:\\\/\\\/zelinkagmbh.com\\\/en\\\/packaging\\\/tubes#breadcrumb\",\"itemListElement\":[{\"@type\":\"ListItem\",\"position\":1,\"name\":\"Startseite\",\"item\":\"https:\\\/\\\/zelinkagmbh.com\\\/en\\\/home\"},{\"@type\":\"ListItem\",\"position\":2,\"name\":\"Packaging\",\"item\":\"https:\\\/\\\/zelinkagmbh.com\\\/en\\\/packaging\"},{\"@type\":\"ListItem\",\"position\":3,\"name\":\"Tubes\"}]},{\"@type\":\"WebSite\",\"@id\":\"https:\\\/\\\/zelinkagmbh.com\\\/en#website\",\"url\":\"https:\\\/\\\/zelinkagmbh.com\\\/en\",\"name\":\"Zelinka Gmbh consumer packaging\",\"description\":\"Verpackungen f\u00fcr Kosmetik, Pharma und Medizin. Spezialitst f\u00fcr Auftrags- und Dosiersysteme. Dab-O-Matic. Mini-Roll-ons.\",\"publisher\":{\"@id\":\"https:\\\/\\\/zelinkagmbh.com\\\/en#organization\"},\"potentialAction\":[{\"@type\":\"SearchAction\",\"target\":{\"@type\":\"EntryPoint\",\"urlTemplate\":\"https:\\\/\\\/zelinkagmbh.com\\\/en?s={search_term_string}\"},\"query-input\":{\"@type\":\"PropertyValueSpecification\",\"valueRequired\":true,\"valueName\":\"search_term_string\"}}],\"inLanguage\":\"en-US\"},{\"@type\":\"Organization\",\"@id\":\"https:\\\/\\\/zelinkagmbh.com\\\/en#organization\",\"name\":\"Zelinka Gmbh consumer packaging\",\"url\":\"https:\\\/\\\/zelinkagmbh.com\\\/en\",\"logo\":{\"@type\":\"ImageObject\",\"inLanguage\":\"en-US\",\"@id\":\"https:\\\/\\\/zelinkagmbh.com\\\/en#\\\/schema\\\/logo\\\/image\\\/\",\"url\":\"https:\\\/\\\/zelinkagmbh.com\\\/wp-content\\\/uploads\\\/2016\\\/12\\\/zelinka-logo.jpg\",\"contentUrl\":\"https:\\\/\\\/zelinkagmbh.com\\\/wp-content\\\/uploads\\\/2016\\\/12\\\/zelinka-logo.jpg\",\"width\":1488,\"height\":463,\"caption\":\"Zelinka Gmbh consumer packaging\"},\"image\":{\"@id\":\"https:\\\/\\\/zelinkagmbh.com\\\/en#\\\/schema\\\/logo\\\/image\\\/\"}}]}<\/script>\n<!-- \/ Yoast SEO plugin. -->","yoast_head_json":{"title":"Tubes - Zelinka Gmbh consumer packaging","description":"Tuben f\u00fcr Kosmetik-, Medizin-, Tiermedizin- und Pharma-Produkte mit pr\u00e4ziser Abstimmung Tubenmaterials auf das F\u00fcllgut.","robots":{"index":"index","follow":"follow","max-snippet":"max-snippet:-1","max-image-preview":"max-image-preview:large","max-video-preview":"max-video-preview:-1"},"canonical":"https:\/\/zelinkagmbh.com\/en\/packaging\/tubes","og_locale":"en_US","og_type":"article","og_title":"Tubes - Zelinka Gmbh consumer packaging","og_description":"Tuben f\u00fcr Kosmetik-, Medizin-, Tiermedizin- und Pharma-Produkte mit pr\u00e4ziser Abstimmung Tubenmaterials auf das F\u00fcllgut.","og_url":"https:\/\/zelinkagmbh.com\/en\/packaging\/tubes","og_site_name":"Zelinka Gmbh consumer packaging","article_modified_time":"2024-05-22T14:41:56+00:00","twitter_card":"summary_large_image","twitter_misc":{"Est. reading time":"1 minute"},"schema":{"@context":"https:\/\/schema.org","@graph":[{"@type":"WebPage","@id":"https:\/\/zelinkagmbh.com\/en\/packaging\/tubes","url":"https:\/\/zelinkagmbh.com\/en\/packaging\/tubes","name":"Tubes - Zelinka Gmbh consumer packaging","isPartOf":{"@id":"https:\/\/zelinkagmbh.com\/en#website"},"datePublished":"2016-10-20T16:02:40+00:00","dateModified":"2024-05-22T14:41:56+00:00","description":"Tuben f\u00fcr Kosmetik-, Medizin-, Tiermedizin- und Pharma-Produkte mit pr\u00e4ziser Abstimmung Tubenmaterials auf das F\u00fcllgut.","breadcrumb":{"@id":"https:\/\/zelinkagmbh.com\/en\/packaging\/tubes#breadcrumb"},"inLanguage":"en-US","potentialAction":[{"@type":"ReadAction","target":["https:\/\/zelinkagmbh.com\/en\/packaging\/tubes"]}]},{"@type":"BreadcrumbList","@id":"https:\/\/zelinkagmbh.com\/en\/packaging\/tubes#breadcrumb","itemListElement":[{"@type":"ListItem","position":1,"name":"Startseite","item":"https:\/\/zelinkagmbh.com\/en\/home"},{"@type":"ListItem","position":2,"name":"Packaging","item":"https:\/\/zelinkagmbh.com\/en\/packaging"},{"@type":"ListItem","position":3,"name":"Tubes"}]},{"@type":"WebSite","@id":"https:\/\/zelinkagmbh.com\/en#website","url":"https:\/\/zelinkagmbh.com\/en","name":"Zelinka Gmbh consumer packaging","description":"Verpackungen f\u00fcr Kosmetik, Pharma und Medizin. Spezialitst f\u00fcr Auftrags- und Dosiersysteme. Dab-O-Matic. Mini-Roll-ons.","publisher":{"@id":"https:\/\/zelinkagmbh.com\/en#organization"},"potentialAction":[{"@type":"SearchAction","target":{"@type":"EntryPoint","urlTemplate":"https:\/\/zelinkagmbh.com\/en?s={search_term_string}"},"query-input":{"@type":"PropertyValueSpecification","valueRequired":true,"valueName":"search_term_string"}}],"inLanguage":"en-US"},{"@type":"Organization","@id":"https:\/\/zelinkagmbh.com\/en#organization","name":"Zelinka Gmbh consumer packaging","url":"https:\/\/zelinkagmbh.com\/en","logo":{"@type":"ImageObject","inLanguage":"en-US","@id":"https:\/\/zelinkagmbh.com\/en#\/schema\/logo\/image\/","url":"https:\/\/zelinkagmbh.com\/wp-content\/uploads\/2016\/12\/zelinka-logo.jpg","contentUrl":"https:\/\/zelinkagmbh.com\/wp-content\/uploads\/2016\/12\/zelinka-logo.jpg","width":1488,"height":463,"caption":"Zelinka Gmbh consumer packaging"},"image":{"@id":"https:\/\/zelinkagmbh.com\/en#\/schema\/logo\/image\/"}}]}},"_links":{"self":[{"href":"https:\/\/zelinkagmbh.com\/en\/wp-json\/wp\/v2\/pages\/2066","targetHints":{"allow":["GET"]}}],"collection":[{"href":"https:\/\/zelinkagmbh.com\/en\/wp-json\/wp\/v2\/pages"}],"about":[{"href":"https:\/\/zelinkagmbh.com\/en\/wp-json\/wp\/v2\/types\/page"}],"author":[{"embeddable":true,"href":"https:\/\/zelinkagmbh.com\/en\/wp-json\/wp\/v2\/users\/3"}],"replies":[{"embeddable":true,"href":"https:\/\/zelinkagmbh.com\/en\/wp-json\/wp\/v2\/comments?post=2066"}],"version-history":[{"count":3,"href":"https:\/\/zelinkagmbh.com\/en\/wp-json\/wp\/v2\/pages\/2066\/revisions"}],"predecessor-version":[{"id":2325,"href":"https:\/\/zelinkagmbh.com\/en\/wp-json\/wp\/v2\/pages\/2066\/revisions\/2325"}],"up":[{"embeddable":true,"href":"https:\/\/zelinkagmbh.com\/en\/wp-json\/wp\/v2\/pages\/2054"}],"wp:attachment":[{"href":"https:\/\/zelinkagmbh.com\/en\/wp-json\/wp\/v2\/media?parent=2066"}],"curies":[{"name":"wp","href":"https:\/\/api.w.org\/{rel}","templated":true}]}}