{"id":2060,"date":"2022-11-10T10:18:42","date_gmt":"2022-11-10T10:18:42","guid":{"rendered":"https:\/\/zelinkagmbh.com\/packaging\/faltschachteln"},"modified":"2024-05-22T14:40:25","modified_gmt":"2024-05-22T14:40:25","slug":"folding-boxes","status":"publish","type":"page","link":"https:\/\/zelinkagmbh.com\/en\/packaging\/folding-boxes","title":{"rendered":"Folding boxes"},"content":{"rendered":"<section class=\"content-section    stretch-row-content pt-40-xs pb-40-xs pt-50-md pb-50-md pt-70-lg pb-70-lg  no-margin\"    >\n\n\t\t\t\t<div class=\"row  \">\n\n\t\t\t\t\t[vc_column]\n\t\t<div  class=\"ls-vc-2column-container-type-modules wpb_content_element \">\n\n\t\t\t<div class=\"columncontainer\">\n\n\t\t\t\t<div class=\"columncontainer__inner columncontainer__inner--order-mobile-modules-type columncontainer__inner--order-tablet-modules-type columncontainer__inner--flex-start\">\n\n\t\t\t\t\t<div class=\"columncontainer__item columncontainer__item-left\">\n\n\t\t\t\t\t\t<div class=\"columncontainer__split columncontainer__split--left\">\n\n\t\t\t\t\t\t\t<div class=\"columncontainer__modules\">\n\n\t\t\t\t\t\t\t\t<p>[vc_column_text css=&#8221;&#8221; vc_rwd=&#8221;&#8221;]<\/p>\n<h3>Folding boxes<\/h3>\n<p>&nbsp;<\/p>\n<h1>The finishing flourish for high-quality product presentation.<\/h1>\n<p>Folding boxes reliably protect <a title=\"Bottles\" href=\"https:\/\/zelinkagmbh.com\/en\/packaging\/bottles\" rel=\"\">bottles<\/a>, <a title=\"Tubes\" href=\"https:\/\/zelinkagmbh.com\/en\/packaging\/tubes\" rel=\"\">tubes<\/a>, <a title=\"Mini-Roll-ons\" href=\"https:\/\/zelinkagmbh.com\/en\/packaging\/mini-roll-ons\" rel=\"\">mini-roll-ons<\/a>, <a title=\"Dispenser systems\" href=\"https:\/\/zelinkagmbh.com\/en\/packaging\/dispenser-systems\" rel=\"\">dispenser systems <\/a>or <a title=\"Applicators\" href=\"https:\/\/zelinkagmbh.com\/en\/packaging\/applicators\" rel=\"\">application systems<\/a>. Moreover, they provide space for branding and package products securely, in compliance with the highest standards. A variety of finishing techniques such as embossing, varnishing and foil finishing enhance the folding boxes &#8211; and thus your product. We take the subsequent packaging into account when designing the folding box.<\/p>\n<p>For more information see also <a title=\"Full-Service\" href=\"https:\/\/zelinkagmbh.com\/en\/packaging\/full-service\" rel=\"\">Full Service<\/a>.[\/vc_column_text]<\/p>\n\n\t\t\t\t\t\t\t<\/div>\n\n\t\t\t\t\t\t<\/div>\n\n\t\t\t\t\t<\/div>\n\n\t\t\t\t\t<div class=\"columncontainer__item columncontainer__item-right\">\n\n\t\t\t\t\t\t\n\t\t\t\t\t\t<div class=\"columncontainer__split columncontainer__split--right\">\n\n\t\t\t\t\t\t\t<img fetchpriority=\"high\" decoding=\"async\" width=\"1000\" height=\"616\" src=\"https:\/\/zelinkagmbh.com\/wp-content\/uploads\/2022\/11\/zelinka-packaging.webp\" class=\"attachment-size-1920x9999 size-size-1920x9999\" alt=\"\" data-object-fit=\"cover\" srcset=\"https:\/\/zelinkagmbh.com\/wp-content\/uploads\/2022\/11\/zelinka-packaging.webp 1000w, https:\/\/zelinkagmbh.com\/wp-content\/uploads\/2022\/11\/zelinka-packaging-300x185.webp 300w, https:\/\/zelinkagmbh.com\/wp-content\/uploads\/2022\/11\/zelinka-packaging-768x473.webp 768w, https:\/\/zelinkagmbh.com\/wp-content\/uploads\/2022\/11\/zelinka-packaging-992x611.webp 992w\" sizes=\"(max-width: 1000px) 100vw, 1000px\" loading=\"eager\" \/>\n\t\t\t\t\t\t\t<div class=\"aspect-ratio aspect-ratio--90\"><\/div>\n\n\t\t\t\t\t\t<\/div>\n\n\t\t\t\t\t\t\n\t\t\t\t\t\t\n\t\t\t\t\t\t\n\t\t\t\t\t<\/div>\n\n\t\t\t\t<\/div><!-- end \/.columncontainer__inner -->\n\n\t\t\t<\/div><!-- end \/.columncontainer -->\n\n\t\t<\/div><!-- end \/.ls-vc-2column-container -->\n\n\t\t[\/vc_column]\n\t\t\t\t<\/div>\n\n\t\t\t\t\n\t\t\t\t\n\t\t\t\n\t\t\t\n\t\t\t\n\t\t<\/section>\n\n\t\t\n\t\n\t\t\t\n\t\t\t\n\t\t\t<section  class=\"content-section      mb-20-xs mb-30-sm\"    >\n\n\t\t\t\t<div class=\"row  \">\n\n\t\t\t\t\t[vc_column][ls_vc_spacer vc_height_rwd=&#8221;height&#8211;40&#8243;][\/vc_column]\n\t\t\t\t<\/div>\n\n\t\t\t\t\n\t\t\t\t\n\t\t\t\n\t\t\t\n\t\t\t\n\t\t<\/section>\n","protected":false},"excerpt":{"rendered":"[vc_column] [vc_column_text css=\"\" vc_rwd=\"\"] Folding boxes &nbsp; The finishing flourish for high-quality product presentation. Folding boxes reliably protect bottles, tubes, mini-roll-ons, dispenser systems or application systems. Moreover, they provide space for branding and package products securely, in compliance with the highest standards. A variety of finishing techniques such as embossing, <a class=\"moretag\" href=\"https:\/\/zelinkagmbh.com\/en\/packaging\/folding-boxes\">read more...<\/a>","protected":false},"author":2,"featured_media":0,"parent":2054,"menu_order":2,"comment_status":"closed","ping_status":"closed","template":"","meta":{"_acf_changed":false,"footnotes":""},"class_list":["post-2060","page","type-page","status-publish","hentry"],"acf":[],"yoast_head":"<!-- This site is optimized with the Yoast SEO plugin v27.3 - https:\/\/yoast.com\/product\/yoast-seo-wordpress\/ -->\n<title>Folding boxes - Zelinka Gmbh consumer packaging<\/title>\n<meta name=\"description\" content=\"Faltschachteln sch\u00fctzen Flaschen, Mini-Roll-ons, Spendersysteme oder Tuben zuverl\u00e4ssig und bieten Raum f\u00fcr Branding.\" \/>\n<meta name=\"robots\" content=\"index, follow, max-snippet:-1, max-image-preview:large, max-video-preview:-1\" \/>\n<link rel=\"canonical\" href=\"https:\/\/zelinkagmbh.com\/en\/packaging\/folding-boxes\" \/>\n<meta property=\"og:locale\" content=\"en_US\" \/>\n<meta property=\"og:type\" content=\"article\" \/>\n<meta property=\"og:title\" content=\"Folding boxes - Zelinka Gmbh consumer packaging\" \/>\n<meta property=\"og:description\" content=\"Faltschachteln sch\u00fctzen Flaschen, Mini-Roll-ons, Spendersysteme oder Tuben zuverl\u00e4ssig und bieten Raum f\u00fcr Branding.\" \/>\n<meta property=\"og:url\" content=\"https:\/\/zelinkagmbh.com\/en\/packaging\/folding-boxes\" \/>\n<meta property=\"og:site_name\" content=\"Zelinka Gmbh consumer packaging\" \/>\n<meta property=\"article:modified_time\" content=\"2024-05-22T14:40:25+00:00\" \/>\n<meta name=\"twitter:card\" content=\"summary_large_image\" \/>\n<meta name=\"twitter:label1\" content=\"Est. reading time\" \/>\n\t<meta name=\"twitter:data1\" content=\"1 minute\" \/>\n<script type=\"application\/ld+json\" class=\"yoast-schema-graph\">{\"@context\":\"https:\\\/\\\/schema.org\",\"@graph\":[{\"@type\":\"WebPage\",\"@id\":\"https:\\\/\\\/zelinkagmbh.com\\\/en\\\/packaging\\\/folding-boxes\",\"url\":\"https:\\\/\\\/zelinkagmbh.com\\\/en\\\/packaging\\\/folding-boxes\",\"name\":\"Folding boxes - Zelinka Gmbh consumer packaging\",\"isPartOf\":{\"@id\":\"https:\\\/\\\/zelinkagmbh.com\\\/en#website\"},\"datePublished\":\"2022-11-10T10:18:42+00:00\",\"dateModified\":\"2024-05-22T14:40:25+00:00\",\"description\":\"Faltschachteln sch\u00fctzen Flaschen, Mini-Roll-ons, Spendersysteme oder Tuben zuverl\u00e4ssig und bieten Raum f\u00fcr Branding.\",\"breadcrumb\":{\"@id\":\"https:\\\/\\\/zelinkagmbh.com\\\/en\\\/packaging\\\/folding-boxes#breadcrumb\"},\"inLanguage\":\"en-US\",\"potentialAction\":[{\"@type\":\"ReadAction\",\"target\":[\"https:\\\/\\\/zelinkagmbh.com\\\/en\\\/packaging\\\/folding-boxes\"]}]},{\"@type\":\"BreadcrumbList\",\"@id\":\"https:\\\/\\\/zelinkagmbh.com\\\/en\\\/packaging\\\/folding-boxes#breadcrumb\",\"itemListElement\":[{\"@type\":\"ListItem\",\"position\":1,\"name\":\"Startseite\",\"item\":\"https:\\\/\\\/zelinkagmbh.com\\\/en\\\/home\"},{\"@type\":\"ListItem\",\"position\":2,\"name\":\"Packaging\",\"item\":\"https:\\\/\\\/zelinkagmbh.com\\\/en\\\/packaging\"},{\"@type\":\"ListItem\",\"position\":3,\"name\":\"Folding boxes\"}]},{\"@type\":\"WebSite\",\"@id\":\"https:\\\/\\\/zelinkagmbh.com\\\/en#website\",\"url\":\"https:\\\/\\\/zelinkagmbh.com\\\/en\",\"name\":\"Zelinka Gmbh consumer packaging\",\"description\":\"Verpackungen f\u00fcr Kosmetik, Pharma und Medizin. Spezialitst f\u00fcr Auftrags- und Dosiersysteme. Dab-O-Matic. Mini-Roll-ons.\",\"publisher\":{\"@id\":\"https:\\\/\\\/zelinkagmbh.com\\\/en#organization\"},\"potentialAction\":[{\"@type\":\"SearchAction\",\"target\":{\"@type\":\"EntryPoint\",\"urlTemplate\":\"https:\\\/\\\/zelinkagmbh.com\\\/en?s={search_term_string}\"},\"query-input\":{\"@type\":\"PropertyValueSpecification\",\"valueRequired\":true,\"valueName\":\"search_term_string\"}}],\"inLanguage\":\"en-US\"},{\"@type\":\"Organization\",\"@id\":\"https:\\\/\\\/zelinkagmbh.com\\\/en#organization\",\"name\":\"Zelinka Gmbh consumer packaging\",\"url\":\"https:\\\/\\\/zelinkagmbh.com\\\/en\",\"logo\":{\"@type\":\"ImageObject\",\"inLanguage\":\"en-US\",\"@id\":\"https:\\\/\\\/zelinkagmbh.com\\\/en#\\\/schema\\\/logo\\\/image\\\/\",\"url\":\"https:\\\/\\\/zelinkagmbh.com\\\/wp-content\\\/uploads\\\/2016\\\/12\\\/zelinka-logo.jpg\",\"contentUrl\":\"https:\\\/\\\/zelinkagmbh.com\\\/wp-content\\\/uploads\\\/2016\\\/12\\\/zelinka-logo.jpg\",\"width\":1488,\"height\":463,\"caption\":\"Zelinka Gmbh consumer packaging\"},\"image\":{\"@id\":\"https:\\\/\\\/zelinkagmbh.com\\\/en#\\\/schema\\\/logo\\\/image\\\/\"}}]}<\/script>\n<!-- \/ Yoast SEO plugin. -->","yoast_head_json":{"title":"Folding boxes - Zelinka Gmbh consumer packaging","description":"Faltschachteln sch\u00fctzen Flaschen, Mini-Roll-ons, Spendersysteme oder Tuben zuverl\u00e4ssig und bieten Raum f\u00fcr Branding.","robots":{"index":"index","follow":"follow","max-snippet":"max-snippet:-1","max-image-preview":"max-image-preview:large","max-video-preview":"max-video-preview:-1"},"canonical":"https:\/\/zelinkagmbh.com\/en\/packaging\/folding-boxes","og_locale":"en_US","og_type":"article","og_title":"Folding boxes - Zelinka Gmbh consumer packaging","og_description":"Faltschachteln sch\u00fctzen Flaschen, Mini-Roll-ons, Spendersysteme oder Tuben zuverl\u00e4ssig und bieten Raum f\u00fcr Branding.","og_url":"https:\/\/zelinkagmbh.com\/en\/packaging\/folding-boxes","og_site_name":"Zelinka Gmbh consumer packaging","article_modified_time":"2024-05-22T14:40:25+00:00","twitter_card":"summary_large_image","twitter_misc":{"Est. reading time":"1 minute"},"schema":{"@context":"https:\/\/schema.org","@graph":[{"@type":"WebPage","@id":"https:\/\/zelinkagmbh.com\/en\/packaging\/folding-boxes","url":"https:\/\/zelinkagmbh.com\/en\/packaging\/folding-boxes","name":"Folding boxes - Zelinka Gmbh consumer packaging","isPartOf":{"@id":"https:\/\/zelinkagmbh.com\/en#website"},"datePublished":"2022-11-10T10:18:42+00:00","dateModified":"2024-05-22T14:40:25+00:00","description":"Faltschachteln sch\u00fctzen Flaschen, Mini-Roll-ons, Spendersysteme oder Tuben zuverl\u00e4ssig und bieten Raum f\u00fcr Branding.","breadcrumb":{"@id":"https:\/\/zelinkagmbh.com\/en\/packaging\/folding-boxes#breadcrumb"},"inLanguage":"en-US","potentialAction":[{"@type":"ReadAction","target":["https:\/\/zelinkagmbh.com\/en\/packaging\/folding-boxes"]}]},{"@type":"BreadcrumbList","@id":"https:\/\/zelinkagmbh.com\/en\/packaging\/folding-boxes#breadcrumb","itemListElement":[{"@type":"ListItem","position":1,"name":"Startseite","item":"https:\/\/zelinkagmbh.com\/en\/home"},{"@type":"ListItem","position":2,"name":"Packaging","item":"https:\/\/zelinkagmbh.com\/en\/packaging"},{"@type":"ListItem","position":3,"name":"Folding boxes"}]},{"@type":"WebSite","@id":"https:\/\/zelinkagmbh.com\/en#website","url":"https:\/\/zelinkagmbh.com\/en","name":"Zelinka Gmbh consumer packaging","description":"Verpackungen f\u00fcr Kosmetik, Pharma und Medizin. Spezialitst f\u00fcr Auftrags- und Dosiersysteme. Dab-O-Matic. Mini-Roll-ons.","publisher":{"@id":"https:\/\/zelinkagmbh.com\/en#organization"},"potentialAction":[{"@type":"SearchAction","target":{"@type":"EntryPoint","urlTemplate":"https:\/\/zelinkagmbh.com\/en?s={search_term_string}"},"query-input":{"@type":"PropertyValueSpecification","valueRequired":true,"valueName":"search_term_string"}}],"inLanguage":"en-US"},{"@type":"Organization","@id":"https:\/\/zelinkagmbh.com\/en#organization","name":"Zelinka Gmbh consumer packaging","url":"https:\/\/zelinkagmbh.com\/en","logo":{"@type":"ImageObject","inLanguage":"en-US","@id":"https:\/\/zelinkagmbh.com\/en#\/schema\/logo\/image\/","url":"https:\/\/zelinkagmbh.com\/wp-content\/uploads\/2016\/12\/zelinka-logo.jpg","contentUrl":"https:\/\/zelinkagmbh.com\/wp-content\/uploads\/2016\/12\/zelinka-logo.jpg","width":1488,"height":463,"caption":"Zelinka Gmbh consumer packaging"},"image":{"@id":"https:\/\/zelinkagmbh.com\/en#\/schema\/logo\/image\/"}}]}},"_links":{"self":[{"href":"https:\/\/zelinkagmbh.com\/en\/wp-json\/wp\/v2\/pages\/2060","targetHints":{"allow":["GET"]}}],"collection":[{"href":"https:\/\/zelinkagmbh.com\/en\/wp-json\/wp\/v2\/pages"}],"about":[{"href":"https:\/\/zelinkagmbh.com\/en\/wp-json\/wp\/v2\/types\/page"}],"author":[{"embeddable":true,"href":"https:\/\/zelinkagmbh.com\/en\/wp-json\/wp\/v2\/users\/2"}],"replies":[{"embeddable":true,"href":"https:\/\/zelinkagmbh.com\/en\/wp-json\/wp\/v2\/comments?post=2060"}],"version-history":[{"count":4,"href":"https:\/\/zelinkagmbh.com\/en\/wp-json\/wp\/v2\/pages\/2060\/revisions"}],"predecessor-version":[{"id":2322,"href":"https:\/\/zelinkagmbh.com\/en\/wp-json\/wp\/v2\/pages\/2060\/revisions\/2322"}],"up":[{"embeddable":true,"href":"https:\/\/zelinkagmbh.com\/en\/wp-json\/wp\/v2\/pages\/2054"}],"wp:attachment":[{"href":"https:\/\/zelinkagmbh.com\/en\/wp-json\/wp\/v2\/media?parent=2060"}],"curies":[{"name":"wp","href":"https:\/\/api.w.org\/{rel}","templated":true}]}}