{"id":2058,"date":"2022-11-10T10:20:55","date_gmt":"2022-11-10T10:20:55","guid":{"rendered":"https:\/\/zelinkagmbh.com\/packaging\/mini-roll-ons"},"modified":"2024-05-22T14:38:38","modified_gmt":"2024-05-22T14:38:38","slug":"mini-roll-ons","status":"publish","type":"page","link":"https:\/\/zelinkagmbh.com\/en\/packaging\/mini-roll-ons","title":{"rendered":"Mini-Roll-ons"},"content":{"rendered":"\n\t\t\t\n\t\t\t\n\t\t\t<section  class=\"content-section    stretch-row-content pt-40-xs pb-40-xs pt-50-md pb-50-md pt-70-lg pb-70-lg  no-margin\"    >\n\n\t\t\t\t<div class=\"row  \">\n\n\t\t\t\t\t[vc_column]\n\t\t<div  class=\"ls-vc-2column-container-type-modules wpb_content_element \">\n\n\t\t\t<div class=\"columncontainer\">\n\n\t\t\t\t<div class=\"columncontainer__inner columncontainer__inner--order-mobile-modules-type columncontainer__inner--order-tablet-modules-type columncontainer__inner--flex-start\">\n\n\t\t\t\t\t<div class=\"columncontainer__item columncontainer__item-left\">\n\n\t\t\t\t\t\t<div class=\"columncontainer__split columncontainer__split--left\">\n\n\t\t\t\t\t\t\t<div class=\"columncontainer__modules\">\n\n\t\t\t\t\t\t\t\t<p>[vc_column_text css=&#8221;&#8221; vc_rwd=&#8221;&#8221;]<\/p>\n<h3>MINI ROLL-ONS<\/h3>\n<p>&nbsp;<\/p>\n<h1>Optimal application of fluid, sensitive products<\/h1>\n<p>Mini roll-on systems are not only practical but also perfectly suitable for the even application of fluid solutions. Possible areas of application in cosmetics include lip care, or in medicine to provide relief from skin irritations with acne sticks, or insect bites with after-bite sticks.<\/p>\n<p>Our transparent or alternatively opaque mini roll-ons are made of glass or plastic. They consist of a container, a cap and a cap with ball made of plastic or stainless steel, depending on requirements. The mini roll-ons in colored or transparent optics are available in sizes from 2.3 to 15 ml (see <a href=\"https:\/\/zelinkagmbh.com\/wp-content\/uploads\/2022\/11\/zelinka-mini-roll-ons-en.webp\">table<\/a>).<\/p>\n<p>To protect and complete your product presentation, consider our <a title=\"Folding boxes\" href=\"https:\/\/zelinkagmbh.com\/en\/packaging\/folding-boxes\" rel=\"\">folding boxes<\/a> as well. For more information see <a title=\"Full-Service\" href=\"https:\/\/zelinkagmbh.com\/en\/full-service\" rel=\"\">full service<\/a>, <a title=\"Bottles\" href=\"https:\/\/zelinkagmbh.com\/en\/packaging\/bottles\" rel=\"\">bottles<\/a>, <a title=\"Dispenser systems\" href=\"https:\/\/zelinkagmbh.com\/en\/packaging\/dispenser-systems\" rel=\"\">dispenser systems<\/a>, <a title=\"Tubes\" href=\"https:\/\/zelinkagmbh.com\/en\/packaging\/tubes\" rel=\"\">tubes<\/a> and <a title=\"Dabomatic\" href=\"https:\/\/zelinkagmbh.com\/en\/packaging\/applicators\" rel=\"\">applicators<\/a>.[\/vc_column_text]<\/p>\n\n\t\t\t\t\t\t\t<\/div>\n\n\t\t\t\t\t\t<\/div>\n\n\t\t\t\t\t<\/div>\n\n\t\t\t\t\t<div class=\"columncontainer__item columncontainer__item-right\">\n\n\t\t\t\t\t\t\n\t\t\t\t\t\t<div class=\"columncontainer__split columncontainer__split--right\">\n\n\t\t\t\t\t\t\t<img fetchpriority=\"high\" decoding=\"async\" width=\"1000\" height=\"616\" src=\"https:\/\/zelinkagmbh.com\/wp-content\/uploads\/2022\/11\/zelinka-mini-roll-ons-1.jpg\" class=\"attachment-size-1920x9999 size-size-1920x9999\" alt=\"\" data-object-fit=\"cover\" srcset=\"https:\/\/zelinkagmbh.com\/wp-content\/uploads\/2022\/11\/zelinka-mini-roll-ons-1.jpg 1000w, https:\/\/zelinkagmbh.com\/wp-content\/uploads\/2022\/11\/zelinka-mini-roll-ons-1-300x185.jpg 300w, https:\/\/zelinkagmbh.com\/wp-content\/uploads\/2022\/11\/zelinka-mini-roll-ons-1-768x473.jpg 768w, https:\/\/zelinkagmbh.com\/wp-content\/uploads\/2022\/11\/zelinka-mini-roll-ons-1-992x611.jpg 992w\" sizes=\"(max-width: 1000px) 100vw, 1000px\" loading=\"eager\" \/>\n\t\t\t\t\t\t\t<div class=\"aspect-ratio aspect-ratio--90\"><\/div>\n\n\t\t\t\t\t\t<\/div>\n\n\t\t\t\t\t\t\n\t\t\t\t\t\t\n\t\t\t\t\t\t\n\t\t\t\t\t<\/div>\n\n\t\t\t\t<\/div><!-- end \/.columncontainer__inner -->\n\n\t\t\t<\/div><!-- end \/.columncontainer -->\n\n\t\t<\/div><!-- end \/.ls-vc-2column-container -->\n\n\t\t[\/vc_column]\n\t\t\t\t<\/div>\n\n\t\t\t\t\n\t\t\t\t\n\t\t\t\n\t\t\t\n\t\t\t\n\t\t<\/section>\n\n\t\t\n\t\n","protected":false},"excerpt":{"rendered":"[vc_column] [vc_column_text css=\"\" vc_rwd=\"\"] MINI ROLL-ONS &nbsp; Optimal application of fluid, sensitive products Mini roll-on systems are not only practical but also perfectly suitable for the even application of fluid solutions. Possible areas of application in cosmetics include lip care, or in medicine to provide relief from skin irritations with <a class=\"moretag\" href=\"https:\/\/zelinkagmbh.com\/en\/packaging\/mini-roll-ons\">read more...<\/a>","protected":false},"author":2,"featured_media":0,"parent":2054,"menu_order":1,"comment_status":"closed","ping_status":"closed","template":"","meta":{"_acf_changed":false,"footnotes":""},"class_list":["post-2058","page","type-page","status-publish","hentry"],"acf":[],"yoast_head":"<!-- This site is optimized with the Yoast SEO plugin v27.3 - https:\/\/yoast.com\/product\/yoast-seo-wordpress\/ -->\n<title>Mini-Roll-ons - Zelinka Gmbh consumer packaging<\/title>\n<meta name=\"description\" content=\"Mini-Roll-ons f\u00fcr Auftragen von flie\u00dff\u00e4higen kosmetischen oder medizinischen L\u00f6sungen. Aus Glas oder Kunststoff gefertigt.\" \/>\n<meta name=\"robots\" content=\"index, follow, max-snippet:-1, max-image-preview:large, max-video-preview:-1\" \/>\n<link rel=\"canonical\" href=\"https:\/\/zelinkagmbh.com\/en\/packaging\/mini-roll-ons\" \/>\n<meta property=\"og:locale\" content=\"en_US\" \/>\n<meta property=\"og:type\" content=\"article\" \/>\n<meta property=\"og:title\" content=\"Mini-Roll-ons - Zelinka Gmbh consumer packaging\" \/>\n<meta property=\"og:description\" content=\"Mini-Roll-ons f\u00fcr Auftragen von flie\u00dff\u00e4higen kosmetischen oder medizinischen L\u00f6sungen. Aus Glas oder Kunststoff gefertigt.\" \/>\n<meta property=\"og:url\" content=\"https:\/\/zelinkagmbh.com\/en\/packaging\/mini-roll-ons\" \/>\n<meta property=\"og:site_name\" content=\"Zelinka Gmbh consumer packaging\" \/>\n<meta property=\"article:modified_time\" content=\"2024-05-22T14:38:38+00:00\" \/>\n<meta name=\"twitter:card\" content=\"summary_large_image\" \/>\n<meta name=\"twitter:label1\" content=\"Est. reading time\" \/>\n\t<meta name=\"twitter:data1\" content=\"2 minutes\" \/>\n<script type=\"application\/ld+json\" class=\"yoast-schema-graph\">{\"@context\":\"https:\\\/\\\/schema.org\",\"@graph\":[{\"@type\":\"WebPage\",\"@id\":\"https:\\\/\\\/zelinkagmbh.com\\\/en\\\/packaging\\\/mini-roll-ons\",\"url\":\"https:\\\/\\\/zelinkagmbh.com\\\/en\\\/packaging\\\/mini-roll-ons\",\"name\":\"Mini-Roll-ons - Zelinka Gmbh consumer packaging\",\"isPartOf\":{\"@id\":\"https:\\\/\\\/zelinkagmbh.com\\\/en#website\"},\"datePublished\":\"2022-11-10T10:20:55+00:00\",\"dateModified\":\"2024-05-22T14:38:38+00:00\",\"description\":\"Mini-Roll-ons f\u00fcr Auftragen von flie\u00dff\u00e4higen kosmetischen oder medizinischen L\u00f6sungen. Aus Glas oder Kunststoff gefertigt.\",\"breadcrumb\":{\"@id\":\"https:\\\/\\\/zelinkagmbh.com\\\/en\\\/packaging\\\/mini-roll-ons#breadcrumb\"},\"inLanguage\":\"en-US\",\"potentialAction\":[{\"@type\":\"ReadAction\",\"target\":[\"https:\\\/\\\/zelinkagmbh.com\\\/en\\\/packaging\\\/mini-roll-ons\"]}]},{\"@type\":\"BreadcrumbList\",\"@id\":\"https:\\\/\\\/zelinkagmbh.com\\\/en\\\/packaging\\\/mini-roll-ons#breadcrumb\",\"itemListElement\":[{\"@type\":\"ListItem\",\"position\":1,\"name\":\"Startseite\",\"item\":\"https:\\\/\\\/zelinkagmbh.com\\\/en\\\/home\"},{\"@type\":\"ListItem\",\"position\":2,\"name\":\"Packaging\",\"item\":\"https:\\\/\\\/zelinkagmbh.com\\\/en\\\/packaging\"},{\"@type\":\"ListItem\",\"position\":3,\"name\":\"Mini-Roll-ons\"}]},{\"@type\":\"WebSite\",\"@id\":\"https:\\\/\\\/zelinkagmbh.com\\\/en#website\",\"url\":\"https:\\\/\\\/zelinkagmbh.com\\\/en\",\"name\":\"Zelinka Gmbh consumer packaging\",\"description\":\"Verpackungen f\u00fcr Kosmetik, Pharma und Medizin. Spezialitst f\u00fcr Auftrags- und Dosiersysteme. Dab-O-Matic. Mini-Roll-ons.\",\"publisher\":{\"@id\":\"https:\\\/\\\/zelinkagmbh.com\\\/en#organization\"},\"potentialAction\":[{\"@type\":\"SearchAction\",\"target\":{\"@type\":\"EntryPoint\",\"urlTemplate\":\"https:\\\/\\\/zelinkagmbh.com\\\/en?s={search_term_string}\"},\"query-input\":{\"@type\":\"PropertyValueSpecification\",\"valueRequired\":true,\"valueName\":\"search_term_string\"}}],\"inLanguage\":\"en-US\"},{\"@type\":\"Organization\",\"@id\":\"https:\\\/\\\/zelinkagmbh.com\\\/en#organization\",\"name\":\"Zelinka Gmbh consumer packaging\",\"url\":\"https:\\\/\\\/zelinkagmbh.com\\\/en\",\"logo\":{\"@type\":\"ImageObject\",\"inLanguage\":\"en-US\",\"@id\":\"https:\\\/\\\/zelinkagmbh.com\\\/en#\\\/schema\\\/logo\\\/image\\\/\",\"url\":\"https:\\\/\\\/zelinkagmbh.com\\\/wp-content\\\/uploads\\\/2016\\\/12\\\/zelinka-logo.jpg\",\"contentUrl\":\"https:\\\/\\\/zelinkagmbh.com\\\/wp-content\\\/uploads\\\/2016\\\/12\\\/zelinka-logo.jpg\",\"width\":1488,\"height\":463,\"caption\":\"Zelinka Gmbh consumer packaging\"},\"image\":{\"@id\":\"https:\\\/\\\/zelinkagmbh.com\\\/en#\\\/schema\\\/logo\\\/image\\\/\"}}]}<\/script>\n<!-- \/ Yoast SEO plugin. -->","yoast_head_json":{"title":"Mini-Roll-ons - Zelinka Gmbh consumer packaging","description":"Mini-Roll-ons f\u00fcr Auftragen von flie\u00dff\u00e4higen kosmetischen oder medizinischen L\u00f6sungen. Aus Glas oder Kunststoff gefertigt.","robots":{"index":"index","follow":"follow","max-snippet":"max-snippet:-1","max-image-preview":"max-image-preview:large","max-video-preview":"max-video-preview:-1"},"canonical":"https:\/\/zelinkagmbh.com\/en\/packaging\/mini-roll-ons","og_locale":"en_US","og_type":"article","og_title":"Mini-Roll-ons - Zelinka Gmbh consumer packaging","og_description":"Mini-Roll-ons f\u00fcr Auftragen von flie\u00dff\u00e4higen kosmetischen oder medizinischen L\u00f6sungen. Aus Glas oder Kunststoff gefertigt.","og_url":"https:\/\/zelinkagmbh.com\/en\/packaging\/mini-roll-ons","og_site_name":"Zelinka Gmbh consumer packaging","article_modified_time":"2024-05-22T14:38:38+00:00","twitter_card":"summary_large_image","twitter_misc":{"Est. reading time":"2 minutes"},"schema":{"@context":"https:\/\/schema.org","@graph":[{"@type":"WebPage","@id":"https:\/\/zelinkagmbh.com\/en\/packaging\/mini-roll-ons","url":"https:\/\/zelinkagmbh.com\/en\/packaging\/mini-roll-ons","name":"Mini-Roll-ons - Zelinka Gmbh consumer packaging","isPartOf":{"@id":"https:\/\/zelinkagmbh.com\/en#website"},"datePublished":"2022-11-10T10:20:55+00:00","dateModified":"2024-05-22T14:38:38+00:00","description":"Mini-Roll-ons f\u00fcr Auftragen von flie\u00dff\u00e4higen kosmetischen oder medizinischen L\u00f6sungen. Aus Glas oder Kunststoff gefertigt.","breadcrumb":{"@id":"https:\/\/zelinkagmbh.com\/en\/packaging\/mini-roll-ons#breadcrumb"},"inLanguage":"en-US","potentialAction":[{"@type":"ReadAction","target":["https:\/\/zelinkagmbh.com\/en\/packaging\/mini-roll-ons"]}]},{"@type":"BreadcrumbList","@id":"https:\/\/zelinkagmbh.com\/en\/packaging\/mini-roll-ons#breadcrumb","itemListElement":[{"@type":"ListItem","position":1,"name":"Startseite","item":"https:\/\/zelinkagmbh.com\/en\/home"},{"@type":"ListItem","position":2,"name":"Packaging","item":"https:\/\/zelinkagmbh.com\/en\/packaging"},{"@type":"ListItem","position":3,"name":"Mini-Roll-ons"}]},{"@type":"WebSite","@id":"https:\/\/zelinkagmbh.com\/en#website","url":"https:\/\/zelinkagmbh.com\/en","name":"Zelinka Gmbh consumer packaging","description":"Verpackungen f\u00fcr Kosmetik, Pharma und Medizin. Spezialitst f\u00fcr Auftrags- und Dosiersysteme. Dab-O-Matic. Mini-Roll-ons.","publisher":{"@id":"https:\/\/zelinkagmbh.com\/en#organization"},"potentialAction":[{"@type":"SearchAction","target":{"@type":"EntryPoint","urlTemplate":"https:\/\/zelinkagmbh.com\/en?s={search_term_string}"},"query-input":{"@type":"PropertyValueSpecification","valueRequired":true,"valueName":"search_term_string"}}],"inLanguage":"en-US"},{"@type":"Organization","@id":"https:\/\/zelinkagmbh.com\/en#organization","name":"Zelinka Gmbh consumer packaging","url":"https:\/\/zelinkagmbh.com\/en","logo":{"@type":"ImageObject","inLanguage":"en-US","@id":"https:\/\/zelinkagmbh.com\/en#\/schema\/logo\/image\/","url":"https:\/\/zelinkagmbh.com\/wp-content\/uploads\/2016\/12\/zelinka-logo.jpg","contentUrl":"https:\/\/zelinkagmbh.com\/wp-content\/uploads\/2016\/12\/zelinka-logo.jpg","width":1488,"height":463,"caption":"Zelinka Gmbh consumer packaging"},"image":{"@id":"https:\/\/zelinkagmbh.com\/en#\/schema\/logo\/image\/"}}]}},"_links":{"self":[{"href":"https:\/\/zelinkagmbh.com\/en\/wp-json\/wp\/v2\/pages\/2058","targetHints":{"allow":["GET"]}}],"collection":[{"href":"https:\/\/zelinkagmbh.com\/en\/wp-json\/wp\/v2\/pages"}],"about":[{"href":"https:\/\/zelinkagmbh.com\/en\/wp-json\/wp\/v2\/types\/page"}],"author":[{"embeddable":true,"href":"https:\/\/zelinkagmbh.com\/en\/wp-json\/wp\/v2\/users\/2"}],"replies":[{"embeddable":true,"href":"https:\/\/zelinkagmbh.com\/en\/wp-json\/wp\/v2\/comments?post=2058"}],"version-history":[{"count":7,"href":"https:\/\/zelinkagmbh.com\/en\/wp-json\/wp\/v2\/pages\/2058\/revisions"}],"predecessor-version":[{"id":2320,"href":"https:\/\/zelinkagmbh.com\/en\/wp-json\/wp\/v2\/pages\/2058\/revisions\/2320"}],"up":[{"embeddable":true,"href":"https:\/\/zelinkagmbh.com\/en\/wp-json\/wp\/v2\/pages\/2054"}],"wp:attachment":[{"href":"https:\/\/zelinkagmbh.com\/en\/wp-json\/wp\/v2\/media?parent=2058"}],"curies":[{"name":"wp","href":"https:\/\/api.w.org\/{rel}","templated":true}]}}